{"id":938,"date":"2013-03-19T17:32:08","date_gmt":"2013-03-19T17:32:08","guid":{"rendered":"http:\/\/saopedrodoivai.pr.gov.br\/wp\/?page_id=6"},"modified":"2025-07-18T13:44:23","modified_gmt":"2025-07-18T16:44:23","slug":"a-cidade","status":"publish","type":"page","link":"https:\/\/novoitacolomi.pr.gov.br\/portal\/?page_id=938","title":{"rendered":"A Cidade"},"content":{"rendered":"<h2>Prefeito:<\/h2>\n<h2>Jo\u00e3o Pedro Magon<\/h2>\n<h2>Endere\u00e7o:<\/h2>\n<p>AV. 28 DE SETEMBRO, 711<br \/>\nCEP: 86895000 &#8211; Novo Itacolomi &#8211; Paran\u00e1 \u2013 Brasil<br \/>\nFONE: (43)-3437-1116 FAX: (43)-3437-1116<\/p>\n<h2><span style=\"font-size: 1.5em;\">Dados Gerais<\/span><\/h2>\n<p>Popula\u00e7\u00e3o: 2.827\u00a0 habitantes (IBGE\/2010)<\/p>\n<p>Dist\u00e2ncias<br \/>\n&#8211; Da Capital : 402 km<br \/>\n&#8211; Do Porto de Paranagu\u00e1: 493 km<\/p>\n<p>&#8211; Do Aeroporto mais pr\u00f3ximo: 79 km (Londrina)<\/p>\n<h2>Dados Geogr\u00e1ficos<\/h2>\n<p>\u00c1rea: 150,437 km2<br \/>\nAltitude : 620,00 metros<br \/>\nLatitude : 23\u00b0 45&#8242; 00&#8221; Sul<br \/>\nLongitude : 51\u00b0 30&#8242; 00&#8221; W-GR<\/p>\n<h2>Clima:<\/h2>\n<p>Clima Subtropical \u00damido Mesot\u00e9rmico, ver\u00f5es quentes com tend\u00eancia de concentra\u00e7\u00e3o das chuvas (temperatura m\u00e9dia superior a 22\u00b0 C), invernos com geadas pouco frequentes (temperatura m\u00e9dia inferior a 18\u00b0 C), sem esta\u00e7\u00e3o seca definida.<br \/>\nData de Anivers\u00e1rio: 28 de setembro<br \/>\nPadroeira: Nossa Senhora da Gl\u00f3ria &#8211; 15 de agosto<br \/>\nEmancipa\u00e7\u00e3o Pol\u00edtica: 28 de setembro<\/p>\n<h2>AS ORIGENS<\/h2>\n<p>O avan\u00e7o da cafeicultura e da ferrovia, nas primeiras d\u00e9cadas do s\u00e9culo XX, marcaram a ocupa\u00e7\u00e3o da regi\u00e3o Norte do Paran\u00e1. Edelaine Nabarreti Delgado e Edivando Vitor do Couto, na disserta\u00e7\u00e3o \u201cMunic\u00edpio de Novo Itacolomi: do Nascimento de um Pequeno Povoado aos Dias Atuais\u201d, lembram que at\u00e9 a d\u00e9cada de 30 a parte identificada como Norte Novo permaneceu praticamente intocada.<\/p>\n<p>No final dos anos de 40, com a comercializa\u00e7\u00e3o das terras por parte da CTNP\/CMNP (Companhia de Terras Norte do Paran\u00e1\/Companhia Melhoramentos Norte do Paran\u00e1), a regi\u00e3o come\u00e7ou a ser desbravada.<\/p>\n<p>O total de terras colonizadas pela CTNP\/CMNP, corresponde a um total de 546.078 alqueires paulista de terras. Fundou 63 cidades e patrim\u00f4nios, comercializou lotes com 41.741 compradores, com \u00e1reas variando entre 5 e 30 alqueires, al\u00e9m de 70.000 datas urbanas com cerca de 500 metros quadrados cada.<\/p>\n<p>Ainda, de acordo com a CTNP (1975), cidades como Maring\u00e1, Cianorte, Londrina e Umuarama foram planejadas nos m\u00ednimos detalhes para se transformarem em metr\u00f3poles. Entre essas cidades, fundaram pequenas cidades, cuja finalidade era servir como centro de abastecimento para a numerosa popula\u00e7\u00e3o rural. Essas pequenas localidades, na atualidade, transformaram-se em cidades constitu\u00eddas e, mesmo n\u00e3o sendo planejadas com o intuito de progredirem, algumas se transformaram em centros regionais, como Arapongas e Apucarana. Afirma-se que essas cresceram e se desenvolveram por si s\u00f3, uma vez que a Companhia se limitou a construir nestes locais um escrit\u00f3rio, uma esta\u00e7\u00e3o de jardineiras e uma escola.<\/p>\n<blockquote><p>\u201cFoi nessa seq\u00fc\u00eancia de desmembramentos que, no ano de 1990, criou-se o munic\u00edpio de Novo Itacolomi, atrav\u00e9s do Decreto Lei n\u00ba. 9387, de 28 de setembro de 1990, condicionada \u00e0 aprova\u00e7\u00e3o popular em plebiscito. O mesmo foi realizado ap\u00f3s um ano e um m\u00eas aproximadamente, 27 de outubro de 1991, quando a popula\u00e7\u00e3o itacolomiense compareceu em peso: dos 1281 eleitores cadastrados pela Justi\u00e7a Eleitoral, 1.103 compareceram e votaram a favor da cria\u00e7\u00e3o do \u2018t\u00e3o sonhado\u2019 munic\u00edpio de Novo Itacolomi\u201d, explicam Edelaine Nabarreti Delgado e Edivando Vitor do Couto.<\/p><\/blockquote>\n<p>S\u00f3 aconteceu, por\u00e9m, sua efetiva instala\u00e7\u00e3o com a posse do 1\u00ba prefeito em 01 de janeiro de 1993. O munic\u00edpio de Cambira conseguiu sua emancipa\u00e7\u00e3o pol\u00edtica de Apucarana no ano de 1961, permanecendo com Itacolomi como distrito at\u00e9 a data da emancipa\u00e7\u00e3o desta localidade.<\/p>\n<p>Os primeiros colonizadores que chegaram a Novo Itacolomi vieram por volta de 1947, na maioria advinda do Estado de Minas Gerais, atra\u00eddos pelos coment\u00e1rios da famosa terra roxa, que naquela \u00e9poca era propagada como \u201ca ideal\u201d para o plantio do caf\u00e9.<\/p>\n<p>A Companhia Melhoramentos Norte do Paran\u00e1, ao criar Cambira, n\u00e3o acreditava que pudesse surgir uma cidade t\u00e3o pr\u00f3xima de Apucarana e de Jandaia do Sul. Assim, projetou a Vila Itacolomi, com 314.000 m\u00b2, equivalente a 12,97 alqueires, que hoje se constitui na sede do munic\u00edpio de Novo Itacolomi. Embora naquele momento de in\u00edcio de coloniza\u00e7\u00e3o (final da d\u00e9cada de 1940) fosse apenas um povoado, Novo Itacolomi nasce da mesma forma que se iniciava uma grande cidade projetada. Seguindo o modelo adotado pela CTNP, o povoado fora planejado no alto de um espig\u00e3o, assim como a estrada que lhe dava acesso.<\/p>\n<blockquote><p>\u201cA mata fechada, tomava conta das terras desta localidade, embora fosse aos poucos sendo derrubadas pelo golpe do machado. Segundo arquivos da Prefeitura do Munic\u00edpio de Novo Itacolomi, o nome fora dado pela pr\u00f3pria Companhia, que de in\u00edcio designou como Vila Itacolomy. Outras denomina\u00e7\u00f5es, por\u00e9m, foram dadas, como Taquaras, Patrim\u00f4nio das Taquaras, S\u00e3o Sebasti\u00e3o de Itacolomi, Itacolomi e Novo Itacolomi\u201d, acrescentam Edelaine Nabarreti Delgado e Edivando Vitor do Couto.<\/p><\/blockquote>\n<p>A propaganda realizada pela CTNP era muito atrativa e atra\u00eda, sobretudo, os habitantes da regi\u00e3o do sul de Minas Gerais e foi, em grande quantidade, que de Bom Jardim de Minas e Tabo\u00e3o partiram para Novo Itacolomi boa parte de seu povo.<\/p>\n<p>Uma das grandes dificuldades encontradas pelos colonizadores era o meio de transporte. O senhor Adolfo Marcelino de Almeida adquiriu um caminh\u00e3o em sociedade com outras pessoas, a fim de realizar o transporte de pessoas at\u00e9 as cidades de Cambira e Apucarana. Por volta de 1965, as florestas estavam praticamente todas derrubadas e em seus lugares, plantados os cultivos de arroz e feij\u00e3o, al\u00e9m do caf\u00e9 que ocupava a maioria das terras altas da regi\u00e3o. As pastagens que abrigavam os animais usados para prepararem a terra a fim de poder realizar o cultivo das pr\u00f3prias lavouras. A boa fertilidade das terras fazia com que a produ\u00e7\u00e3o do caf\u00e9 fosse alta, permitindo que com duas ou tr\u00eas colheitas o agricultor conseguisse pagar suas pr\u00f3prias terras ou at\u00e9 comprar novas. N\u00e3o era preciso gastar com adubos e defensivos. Trabalhavam como meeiros, porcenteiros e arrendat\u00e1rios. A produ\u00e7\u00e3o de caf\u00e9 empregava fam\u00edlias inteiras.<\/p>\n<blockquote><p>\u201cNa d\u00e9cada de 1960, ocorreram v\u00e1rias geadas, mas os cafezais ainda resistiram parcialmente e continuaram a produzir mesmo que em menor escala. Ocorreram tamb\u00e9m problemas na conjuntura pol\u00edtica e econ\u00f4mica mundial que afetou o com\u00e9rcio cafeeiro fazendo com que muitos cafeicultores cortassem seus cafezais. Por\u00e9m, foi no ano de 1975 que a geada p\u00f4s fim em definitivo aos sonhos dos cafeicultores, o que causou como resultado uma brusca mudan\u00e7a na paisagem local, uma vez que cultivos como a soja e o milho foram sendo introduzidos e intensificou-se o \u00eaxodo rural\u201d, destacam Edelaine Nabarreti Delgado e Edivando Vitor do Couto.<\/p><\/blockquote>\n<!-- AddThis Advanced Settings generic via filter on the_content --><!-- AddThis Share Buttons generic via filter on the_content -->","protected":false},"excerpt":{"rendered":"<p>Prefeito: Jo\u00e3o Pedro Magon Endere\u00e7o: AV. 28 DE SETEMBRO, 711 CEP: 86895000 &#8211; Novo Itacolomi &#8211; Paran\u00e1 \u2013 Brasil FONE: (43)-3437-1116 FAX: (43)-3437-1116 Dados Gerais Popula\u00e7\u00e3o: 2.827\u00a0 habitantes (IBGE\/2010) Dist\u00e2ncias &#8211; Da Capital : 402 km &#8211; Do Porto de Paranagu\u00e1: 493 km &#8211; Do Aeroporto mais pr\u00f3ximo: 79 km (Londrina) Dados Geogr\u00e1ficos \u00c1rea: 150,437 [&hellip;]<!-- AddThis Advanced Settings generic via filter on get_the_excerpt --><!-- AddThis Share Buttons generic via filter on get_the_excerpt --><\/p>\n","protected":false},"author":5,"featured_media":0,"parent":0,"menu_order":0,"comment_status":"open","ping_status":"open","template":"","meta":{"footnotes":""},"class_list":["post-938","page","type-page","status-publish","hentry"],"_links":{"self":[{"href":"https:\/\/novoitacolomi.pr.gov.br\/portal\/index.php?rest_route=\/wp\/v2\/pages\/938","targetHints":{"allow":["GET"]}}],"collection":[{"href":"https:\/\/novoitacolomi.pr.gov.br\/portal\/index.php?rest_route=\/wp\/v2\/pages"}],"about":[{"href":"https:\/\/novoitacolomi.pr.gov.br\/portal\/index.php?rest_route=\/wp\/v2\/types\/page"}],"author":[{"embeddable":true,"href":"https:\/\/novoitacolomi.pr.gov.br\/portal\/index.php?rest_route=\/wp\/v2\/users\/5"}],"replies":[{"embeddable":true,"href":"https:\/\/novoitacolomi.pr.gov.br\/portal\/index.php?rest_route=%2Fwp%2Fv2%2Fcomments&post=938"}],"version-history":[{"count":11,"href":"https:\/\/novoitacolomi.pr.gov.br\/portal\/index.php?rest_route=\/wp\/v2\/pages\/938\/revisions"}],"predecessor-version":[{"id":7653,"href":"https:\/\/novoitacolomi.pr.gov.br\/portal\/index.php?rest_route=\/wp\/v2\/pages\/938\/revisions\/7653"}],"wp:attachment":[{"href":"https:\/\/novoitacolomi.pr.gov.br\/portal\/index.php?rest_route=%2Fwp%2Fv2%2Fmedia&parent=938"}],"curies":[{"name":"wp","href":"https:\/\/api.w.org\/{rel}","templated":true}]}}