{"id":2254,"date":"2014-12-16T15:45:29","date_gmt":"2014-12-16T18:45:29","guid":{"rendered":"http:\/\/novoitacolomi.pr.gov.br\/portal\/?page_id=2254"},"modified":"2015-11-06T15:44:12","modified_gmt":"2015-11-06T18:44:12","slug":"leis-municipais-2","status":"publish","type":"page","link":"https:\/\/novoitacolomi.pr.gov.br\/portal\/?page_id=2254","title":{"rendered":"Leis Municipais"},"content":{"rendered":"<p><a href=\"https:\/\/novoitacolomi.pr.gov.br\/portal\/wp-content\/uploads\/2014\/12\/LEI-ORG\u00c2NICA-DO-MUNIC\u00cdPIO.pdf\">Lei Org\u00e2nica Municipal<\/a><\/p>\n<p>&nbsp;<\/p>\n<p><a href=\"https:\/\/novoitacolomi.pr.gov.br\/portal\/wp-content\/uploads\/2014\/12\/LEI-N\u00ba-031-1993-PLANO-DE-CARGOS-DOS-SERVIDORES.pdf\">Lei n\u00ba 031 1993 &#8211; Plano de Cargos dos Servidores<\/a><\/p>\n<p><a href=\"https:\/\/novoitacolomi.pr.gov.br\/portal\/wp-content\/uploads\/2014\/12\/Lei-036-1993-Estatuto-dos-Servidores-P\u00fablicos-do-Munic\u00edpio.pdf\">Lei n\u00ba 036 1993 &#8211; Estatuto dos Servidores P\u00fablicos do Munic\u00edpio<\/a><\/p>\n<p><a href=\"https:\/\/novoitacolomi.pr.gov.br\/portal\/wp-content\/uploads\/2014\/12\/Lei-037-93-Plano-Cargos-e-Sal\u00e1rios-Servidores-Novo-Itacolo\u2026.pdf\">Lei n\u00ba 037 1993 &#8211; Plano de Cargos e Sal\u00e1rios Servidores do Munic\u00edpio<\/a><\/p>\n<p><a href=\"https:\/\/novoitacolomi.pr.gov.br\/portal\/wp-content\/uploads\/2014\/12\/LEI-547-2009-Acesso-por-forma\u00e7\u00e3o-profissional.pdf\">LEI n\u00ba 547 2009 &#8211; Acesso por forma\u00e7\u00e3o profissional<\/a><\/p>\n<p><a href=\"https:\/\/novoitacolomi.pr.gov.br\/portal\/wp-content\/uploads\/2014\/12\/Lei-n\u00ba-262-2005-Estatuto-do-Magist\u00e9rio.pdf\">Lei n\u00ba 262 2005 &#8211; Estatuto do Magist\u00e9rio<\/a><\/p>\n<p><a href=\"https:\/\/novoitacolomi.pr.gov.br\/portal\/wp-content\/uploads\/2014\/12\/Lei-532-2009-Disp\u00f5e-sobre-a-Estrutura-Administrativa-Prefeitura.pdf\">Lei n\u00ba 532 2009 &#8211; Disp\u00f5e sobre a Estrutura Administrativa da Prefeitura<\/a><\/p>\n<p><a href=\"https:\/\/novoitacolomi.pr.gov.br\/portal\/wp-content\/uploads\/2014\/12\/Lei-534-2009-Cria\u00e7\u00e3o-de-Cargos-em-Comiss\u00e3o-da-Prefeitura.pdf\">Lei n\u00ba 534 2009 &#8211; Cria\u00e7\u00e3o de Cargos em Comiss\u00e3o da Prefeitura<\/a><\/p>\n<p><a href=\"https:\/\/novoitacolomi.pr.gov.br\/portal\/wp-content\/uploads\/2014\/12\/Lei-1151-2014-Cria\u00e7\u00e3o-de-Cargos-Novo-Itacolomi.pdf\">Lei n\u00ba 1151 2014 &#8211; Cria\u00e7\u00e3o de Cargos Novo Itacolomi<\/a><\/p>\n<p><a href=\"https:\/\/novoitacolomi.pr.gov.br\/portal\/wp-content\/uploads\/2014\/12\/Lei-n\u00ba-043-1993-C\u00f3digo-Tribut\u00e1rio-Municipal.pdf\">Lei n\u00ba 043 1993 &#8211; C\u00f3digo Tribut\u00e1rio Municipal<\/a><\/p>\n<p><a href=\"https:\/\/novoitacolomi.pr.gov.br\/portal\/wp-content\/uploads\/2014\/12\/Plano-Diretor-Municipal.pdf\">Plano Diretor Municipal<\/a><\/p>\n<p><a href=\"https:\/\/novoitacolomi.pr.gov.br\/portal\/wp-content\/uploads\/2014\/12\/Plano-Plurianual-do-Munic\u00edpio-2014-a-2017.pdf\">Plano Plurianual do Munic\u00edpio &#8211; 2014 a 2017<\/a><\/p>\n<p><a href=\"https:\/\/novoitacolomi.pr.gov.br\/portal\/wp-content\/uploads\/2014\/12\/Lei-n\u00ba-1122-2014-Lei-de-Diretrizes-Or\u00e7ament\u00e1rias-LDO-2015.pdf\">Lei de Diretrizes Or\u00e7ament\u00e1rias &#8211; LDO 2015<\/a><\/p>\n<p><a href=\"https:\/\/novoitacolomi.pr.gov.br\/portal\/wp-content\/uploads\/2014\/12\/Lei-Or\u00e7amentaria-Exerc\u00edcio-de-2015-Novo-Itacolomi-Pr.pdf\">Lei Or\u00e7ament\u00e1ria do Munic\u00edpio &#8211; Exerc\u00edcio de 2015<\/a><\/p>\n<p>&nbsp;<\/p>\n<p>&nbsp;<\/p>\n<p>&nbsp;<\/p>\n<p>&nbsp;<\/p>\n<!-- AddThis Advanced Settings generic via filter on the_content --><!-- AddThis Share Buttons generic via filter on the_content -->","protected":false},"excerpt":{"rendered":"<p>Lei Org\u00e2nica Municipal &nbsp; Lei n\u00ba 031 1993 &#8211; Plano de Cargos dos Servidores Lei n\u00ba 036 1993 &#8211; Estatuto dos Servidores P\u00fablicos do Munic\u00edpio Lei n\u00ba 037 1993 &#8211; Plano de Cargos e Sal\u00e1rios Servidores do Munic\u00edpio LEI n\u00ba 547 2009 &#8211; Acesso por forma\u00e7\u00e3o profissional Lei n\u00ba 262 2005 &#8211; Estatuto do Magist\u00e9rio [&hellip;]<!-- AddThis Advanced Settings generic via filter on get_the_excerpt --><!-- AddThis Share Buttons generic via filter on get_the_excerpt --><\/p>\n","protected":false},"author":5,"featured_media":0,"parent":0,"menu_order":6,"comment_status":"open","ping_status":"open","template":"","meta":{"footnotes":""},"class_list":["post-2254","page","type-page","status-publish","hentry"],"_links":{"self":[{"href":"https:\/\/novoitacolomi.pr.gov.br\/portal\/index.php?rest_route=\/wp\/v2\/pages\/2254","targetHints":{"allow":["GET"]}}],"collection":[{"href":"https:\/\/novoitacolomi.pr.gov.br\/portal\/index.php?rest_route=\/wp\/v2\/pages"}],"about":[{"href":"https:\/\/novoitacolomi.pr.gov.br\/portal\/index.php?rest_route=\/wp\/v2\/types\/page"}],"author":[{"embeddable":true,"href":"https:\/\/novoitacolomi.pr.gov.br\/portal\/index.php?rest_route=\/wp\/v2\/users\/5"}],"replies":[{"embeddable":true,"href":"https:\/\/novoitacolomi.pr.gov.br\/portal\/index.php?rest_route=%2Fwp%2Fv2%2Fcomments&post=2254"}],"version-history":[{"count":9,"href":"https:\/\/novoitacolomi.pr.gov.br\/portal\/index.php?rest_route=\/wp\/v2\/pages\/2254\/revisions"}],"predecessor-version":[{"id":3252,"href":"https:\/\/novoitacolomi.pr.gov.br\/portal\/index.php?rest_route=\/wp\/v2\/pages\/2254\/revisions\/3252"}],"wp:attachment":[{"href":"https:\/\/novoitacolomi.pr.gov.br\/portal\/index.php?rest_route=%2Fwp%2Fv2%2Fmedia&parent=2254"}],"curies":[{"name":"wp","href":"https:\/\/api.w.org\/{rel}","templated":true}]}}