{"id":209,"date":"2013-03-22T16:11:50","date_gmt":"2013-03-22T16:11:50","guid":{"rendered":"http:\/\/saopedrodoivai.pr.gov.br\/wp\/?page_id=209"},"modified":"2025-07-18T13:54:52","modified_gmt":"2025-07-18T16:54:52","slug":"secretaria-de-meio-ambiente","status":"publish","type":"page","link":"https:\/\/novoitacolomi.pr.gov.br\/portal\/?page_id=209","title":{"rendered":"Sec.Ind.Com.Meio Ambiente Agricultura"},"content":{"rendered":"<p><b>Marcus Vin\u00edcius de Almeida Torres Filho<\/b><br \/>Secret\u00e1rio Municipal<\/p>\n<p><strong>Pol\u00edtica Nacional\u00a0 de Res\u00edduos S\u00f3lidos &#8211; Lei Nacional N\u00b0 12.305 de 2010\u00a0 <\/strong><a href=\"http:\/\/www.planalto.gov.br\/ccivil_03\/_ato2007-2010\/2010\/lei\/l12305.htm\" target=\"_blank\" rel=\"noopener\">(Clique aqui)\u00a0<\/a><\/p>\n<p><strong>Lei Municipal de Coleta Seletiva\u00a0<a href=\"https:\/\/drive.google.com\/file\/d\/1pp_OIVfGkIPZmcqQUbZmjKfG_92WgEaq\/view?usp=sharing\">CLIQUE AQUI<\/a><\/strong><\/p>\n\n<!-- AddThis Advanced Settings generic via filter on the_content --><!-- AddThis Share Buttons generic via filter on the_content -->","protected":false},"excerpt":{"rendered":"<p>Marcus Vin\u00edcius de Almeida Torres FilhoSecret\u00e1rio Municipal Pol\u00edtica Nacional\u00a0 de Res\u00edduos S\u00f3lidos &#8211; Lei Nacional N\u00b0 12.305 de 2010\u00a0 (Clique aqui)\u00a0 Lei Municipal de Coleta Seletiva\u00a0CLIQUE AQUI<!-- AddThis Advanced Settings generic via filter on get_the_excerpt --><!-- AddThis Share Buttons generic via filter on get_the_excerpt --><\/p>\n","protected":false},"author":5,"featured_media":0,"parent":127,"menu_order":0,"comment_status":"open","ping_status":"open","template":"","meta":{"footnotes":""},"class_list":["post-209","page","type-page","status-publish","hentry"],"_links":{"self":[{"href":"https:\/\/novoitacolomi.pr.gov.br\/portal\/index.php?rest_route=\/wp\/v2\/pages\/209","targetHints":{"allow":["GET"]}}],"collection":[{"href":"https:\/\/novoitacolomi.pr.gov.br\/portal\/index.php?rest_route=\/wp\/v2\/pages"}],"about":[{"href":"https:\/\/novoitacolomi.pr.gov.br\/portal\/index.php?rest_route=\/wp\/v2\/types\/page"}],"author":[{"embeddable":true,"href":"https:\/\/novoitacolomi.pr.gov.br\/portal\/index.php?rest_route=\/wp\/v2\/users\/5"}],"replies":[{"embeddable":true,"href":"https:\/\/novoitacolomi.pr.gov.br\/portal\/index.php?rest_route=%2Fwp%2Fv2%2Fcomments&post=209"}],"version-history":[{"count":18,"href":"https:\/\/novoitacolomi.pr.gov.br\/portal\/index.php?rest_route=\/wp\/v2\/pages\/209\/revisions"}],"predecessor-version":[{"id":7658,"href":"https:\/\/novoitacolomi.pr.gov.br\/portal\/index.php?rest_route=\/wp\/v2\/pages\/209\/revisions\/7658"}],"up":[{"embeddable":true,"href":"https:\/\/novoitacolomi.pr.gov.br\/portal\/index.php?rest_route=\/wp\/v2\/pages\/127"}],"wp:attachment":[{"href":"https:\/\/novoitacolomi.pr.gov.br\/portal\/index.php?rest_route=%2Fwp%2Fv2%2Fmedia&parent=209"}],"curies":[{"name":"wp","href":"https:\/\/api.w.org\/{rel}","templated":true}]}}