{"id":185,"date":"2013-03-22T16:06:12","date_gmt":"2013-03-22T16:06:12","guid":{"rendered":"http:\/\/saopedrodoivai.pr.gov.br\/wp\/?page_id=185"},"modified":"2025-07-18T14:07:58","modified_gmt":"2025-07-18T17:07:58","slug":"secretaria-de-financas","status":"publish","type":"page","link":"https:\/\/novoitacolomi.pr.gov.br\/portal\/?page_id=185","title":{"rendered":"Secretaria de Fazenda"},"content":{"rendered":"<p><strong>Irineu Manoel da Silva<\/strong><br \/>\nChefe da Divis\u00e3o de Contabilidade<\/p>\n<p><strong>Amauri Jardim<\/strong><br \/>\nContador<\/p>\n<p><strong>Deise Rodrigues Lemes<\/strong><br \/>\nTributa\u00e7\u00e3o<\/p>\n<p><strong>Renildo Ferreira dos Anjos<\/strong><br \/>\nTesouraria<\/p>\n<p><strong>Emerson Aparecido de Almeida<\/strong><br \/>\nOficial administrativo 1<\/p>\n<p><strong>Relat\u00f3rios <\/strong><b>Instru\u00e7\u00e3o Normativa N\u00ba 89\/2013 &#8211; <\/b><strong>TCE PR<\/strong><\/p>\n<p>Cronograma da Portaria n\u00ba 828 da Secretaria do Tesouro Nacional &#8211; STN<\/p>\n<ul>\n<li><a href=\"https:\/\/novoitacolomi.pr.gov.br\/portal\/wp-content\/uploads\/2013\/03\/DECRETO-1540-2012-Cronograma-Portaria-828-da-STN.pdf\">DECRETO 1540 2012 Cronograma Portaria 828 da STN<\/a><\/li>\n<\/ul>\n<p>&nbsp;<\/p>\n<p><b>Rela\u00e7\u00e3o das Transfer\u00eancias Financeiras a Terceiros 2014<\/b><\/p>\n<p><strong>\u00a0<a href=\"https:\/\/novoitacolomi.pr.gov.br\/portal\/wp-content\/uploads\/2013\/03\/Transferencia-Financeira-a-Terceiros-Prefeitura-Municipal.pdf\">Transferencia Financeira a Terceiros &#8211; Prefeitura Municipal<\/a><\/strong><\/p>\n<p>&nbsp;<\/p>\n<p><strong>QUADRO DE PESSOAL<\/strong><\/p>\n<p><a href=\"https:\/\/novoitacolomi.pr.gov.br\/portal\/wp-content\/uploads\/2013\/03\/Quadro-de-Pessoal-Prefeitura-Municipal.pdf\">Quadro de Pessoal &#8211; Prefeitura Municipal<\/a><\/p>\n<p>&nbsp;<\/p>\n<p>&nbsp;<\/p>\n<p>C\u00d3DIGO TRIBUT\u00c1RIO MUNICIPAL<\/p>\n<p><a href=\"https:\/\/novoitacolomi.pr.gov.br\/portal\/wp-content\/uploads\/2013\/03\/LEI-N\u00ba-043-1993-C\u00f3digo-Tribut\u00e1rio-Municipal.pdf\">LEI N\u00ba 043 1993 &#8211; C\u00f3digo Tribut\u00e1rio Municipal<\/a><\/p>\n<p>&nbsp;<\/p>\n<!-- AddThis Advanced Settings generic via filter on the_content --><!-- AddThis Share Buttons generic via filter on the_content -->","protected":false},"excerpt":{"rendered":"<p>Irineu Manoel da Silva Chefe da Divis\u00e3o de Contabilidade Amauri Jardim Contador Deise Rodrigues Lemes Tributa\u00e7\u00e3o Renildo Ferreira dos Anjos Tesouraria Emerson Aparecido de Almeida Oficial administrativo 1 Relat\u00f3rios Instru\u00e7\u00e3o Normativa N\u00ba 89\/2013 &#8211; TCE PR Cronograma da Portaria n\u00ba 828 da Secretaria do Tesouro Nacional &#8211; STN DECRETO 1540 2012 Cronograma Portaria 828 da [&hellip;]<!-- AddThis Advanced Settings generic via filter on get_the_excerpt --><!-- AddThis Share Buttons generic via filter on get_the_excerpt --><\/p>\n","protected":false},"author":5,"featured_media":0,"parent":127,"menu_order":0,"comment_status":"open","ping_status":"open","template":"","meta":{"footnotes":""},"class_list":["post-185","page","type-page","status-publish","hentry"],"_links":{"self":[{"href":"https:\/\/novoitacolomi.pr.gov.br\/portal\/index.php?rest_route=\/wp\/v2\/pages\/185","targetHints":{"allow":["GET"]}}],"collection":[{"href":"https:\/\/novoitacolomi.pr.gov.br\/portal\/index.php?rest_route=\/wp\/v2\/pages"}],"about":[{"href":"https:\/\/novoitacolomi.pr.gov.br\/portal\/index.php?rest_route=\/wp\/v2\/types\/page"}],"author":[{"embeddable":true,"href":"https:\/\/novoitacolomi.pr.gov.br\/portal\/index.php?rest_route=\/wp\/v2\/users\/5"}],"replies":[{"embeddable":true,"href":"https:\/\/novoitacolomi.pr.gov.br\/portal\/index.php?rest_route=%2Fwp%2Fv2%2Fcomments&post=185"}],"version-history":[{"count":16,"href":"https:\/\/novoitacolomi.pr.gov.br\/portal\/index.php?rest_route=\/wp\/v2\/pages\/185\/revisions"}],"predecessor-version":[{"id":7661,"href":"https:\/\/novoitacolomi.pr.gov.br\/portal\/index.php?rest_route=\/wp\/v2\/pages\/185\/revisions\/7661"}],"up":[{"embeddable":true,"href":"https:\/\/novoitacolomi.pr.gov.br\/portal\/index.php?rest_route=\/wp\/v2\/pages\/127"}],"wp:attachment":[{"href":"https:\/\/novoitacolomi.pr.gov.br\/portal\/index.php?rest_route=%2Fwp%2Fv2%2Fmedia&parent=185"}],"curies":[{"name":"wp","href":"https:\/\/api.w.org\/{rel}","templated":true}]}}